{"id":263,"date":"2022-07-06T18:24:30","date_gmt":"2022-07-06T16:24:30","guid":{"rendered":"https:\/\/nubodata.com\/?page_id=263"},"modified":"2025-06-13T09:19:23","modified_gmt":"2025-06-13T07:19:23","slug":"elementor-263","status":"publish","type":"page","link":"https:\/\/nubodata.com\/?page_id=263","title":{"rendered":"ANUNCIO CONVOCATORIA JUNTA GENERAL"},"content":{"rendered":"\t\t<div data-elementor-type=\"wp-page\" data-elementor-id=\"263\" class=\"elementor elementor-263\">\n\t\t\t\t\t\t<section class=\"elementor-section elementor-top-section elementor-element elementor-element-94e1c3a elementor-section-boxed elementor-section-height-default elementor-section-height-default\" data-id=\"94e1c3a\" data-element_type=\"section\">\n\t\t\t\t\t\t<div class=\"elementor-container elementor-column-gap-default\">\n\t\t\t\t\t<div class=\"elementor-column elementor-col-100 elementor-top-column elementor-element elementor-element-edafa7f\" data-id=\"edafa7f\" data-element_type=\"column\">\n\t\t\t<div class=\"elementor-widget-wrap elementor-element-populated\">\n\t\t\t\t\t\t<div class=\"elementor-element elementor-element-3b04bd9 elementor-widget elementor-widget-text-editor\" data-id=\"3b04bd9\" data-element_type=\"widget\" data-widget_type=\"text-editor.default\">\n\t\t\t\t<div class=\"elementor-widget-container\">\n\t\t\t\t\t\t\t\t\t<p>D\u00f1a. Jennifer Carlolina L\u00f3pez Pagua, Administradora \u00danica de la mercantil NUBODATA TECH. SOLUTIONS S.L. acuerda convocar a los se\u00f1ores socios, de acuerdo con la normativa legal y estatutaria a la junta general que se celebrar\u00e1 el pr\u00f3ximo d\u00eda 16 de Junio de 2025 en R\u00faa Camposanto n40, a las 19:30 en primera convocatoria y a las 20:00 en segunda convocatoria, con el objeto de deliberar y resolver los asuntos comprendidos en el siguiente,<\/p><p>ORDEN DEL D\u00cdA<br \/>PRIMERO.- Examen y aprobaci\u00f3n, si procede, de las cuentas anuales (formadas por Balance de Situaci\u00f3n, Cuenta de P\u00e9rdidas y Ganancias, Estado de Cambios en el Patrimonio Neto y Memoria) correspondiente al ejercicio social 2.024.<\/p><p>SEGUNDO.- Examen y aprobaci\u00f3n, en su caso, de la distribuci\u00f3n del resultado del ejercicio 2.024.<\/p><p>TERCERO.- Aprobaci\u00f3n, si procede, la gesti\u00f3n social que ha realizado el Administrador \u00danico durante el ejercicio 2.023.<\/p><p>CUARTO.- Ruegos y preguntas.<\/p><p>QUINTO.- Lectura y, en su caso, aprobaci\u00f3n del acta de la junta.<\/p><p>Todos los socios con derecho de asistencia a la junta pueden ser representados, en la junta general, por su c\u00f3nyuge, ascendiente o descendiente, por otro socio o por persona que ostente poder general conferido en documento p\u00fablico con facultades para administrar todo el patrimonio que el representado tuviere en territorio nacional. La representaci\u00f3n deber\u00e1 conferirse por escrito. Si no constare en documento p\u00fablico, deber\u00e1 ser especial para cada junta.<\/p><p>A partir de la convocatoria de la junta general, los socios podr\u00e1n obtener de la sociedad los documentos que han de ser sometidos a aprobaci\u00f3n en la misma de forma inmediata y gratuita.<\/p><p>De conformidad con el art\u00edculo 196 de la Ley de Sociedades de Capital, los socios podr\u00e1n solicitar por escrito al administrador por correo electr\u00f3nica a la direcci\u00f3n nubodata@nubodata.com con anterioridad a la reuni\u00f3n de la junta general o verbalmente durante la misma, los informes o aclaraciones que estimen precisos acerca de los asuntos comprendidos en el orden del d\u00eda.<\/p><p>En Pontevedra, a 16 de\u00a0mayo\u00a0de\u00a02.025.<\/p>\t\t\t\t\t\t\t\t<\/div>\n\t\t\t\t<\/div>\n\t\t\t\t\t<\/div>\n\t\t<\/div>\n\t\t\t\t\t<\/div>\n\t\t<\/section>\n\t\t\t\t<\/div>\n\t\t","protected":false},"excerpt":{"rendered":"<p>D\u00f1a. Jennifer Carlolina L\u00f3pez Pagua, Administradora \u00danica de la mercantil NUBODATA TECH. SOLUTIONS S.L. acuerda convocar a los se\u00f1ores socios, de acuerdo con la normativa legal y estatutaria a la junta general que se celebrar\u00e1 el pr\u00f3ximo d\u00eda 16 de Junio de 2025 en R\u00faa Camposanto n40, a las 19:30 en primera convocatoria y a&hellip; <a class=\"more-link\" href=\"https:\/\/nubodata.com\/?page_id=263\">Seguir leyendo <span class=\"screen-reader-text\">ANUNCIO CONVOCATORIA JUNTA GENERAL<\/span><\/a><\/p>\n","protected":false},"author":1,"featured_media":0,"parent":0,"menu_order":0,"comment_status":"closed","ping_status":"closed","template":"","meta":{"footnotes":""},"class_list":["post-263","page","type-page","status-publish","hentry","entry"],"_links":{"self":[{"href":"https:\/\/nubodata.com\/index.php?rest_route=\/wp\/v2\/pages\/263","targetHints":{"allow":["GET"]}}],"collection":[{"href":"https:\/\/nubodata.com\/index.php?rest_route=\/wp\/v2\/pages"}],"about":[{"href":"https:\/\/nubodata.com\/index.php?rest_route=\/wp\/v2\/types\/page"}],"author":[{"embeddable":true,"href":"https:\/\/nubodata.com\/index.php?rest_route=\/wp\/v2\/users\/1"}],"replies":[{"embeddable":true,"href":"https:\/\/nubodata.com\/index.php?rest_route=%2Fwp%2Fv2%2Fcomments&post=263"}],"version-history":[{"count":48,"href":"https:\/\/nubodata.com\/index.php?rest_route=\/wp\/v2\/pages\/263\/revisions"}],"predecessor-version":[{"id":533,"href":"https:\/\/nubodata.com\/index.php?rest_route=\/wp\/v2\/pages\/263\/revisions\/533"}],"wp:attachment":[{"href":"https:\/\/nubodata.com\/index.php?rest_route=%2Fwp%2Fv2%2Fmedia&parent=263"}],"curies":[{"name":"wp","href":"https:\/\/api.w.org\/{rel}","templated":true}]}}